{"id":3,"date":"2025-02-05T19:41:18","date_gmt":"2025-02-05T18:41:18","guid":{"rendered":"https:\/\/biurokarinamiler.pl\/?page_id=3"},"modified":"2025-03-09T23:59:59","modified_gmt":"2025-03-09T22:59:59","slug":"polityka-prywatnosci","status":"publish","type":"page","link":"https:\/\/biurokarinamiler.pl\/?page_id=3","title":{"rendered":"Polityka prywatno\u015bci"},"content":{"rendered":"\t\t<div data-elementor-type=\"wp-page\" data-elementor-id=\"3\" class=\"elementor elementor-3\">\n\t\t\t\t<div class=\"elementor-element elementor-element-6ec9db6f e-flex e-con-boxed e-con e-parent\" data-id=\"6ec9db6f\" data-element_type=\"container\">\n\t\t\t\t\t<div class=\"e-con-inner\">\n\t\t\t\t<div class=\"elementor-element elementor-element-cd377fe elementor-widget elementor-widget-spacer\" data-id=\"cd377fe\" data-element_type=\"widget\" data-widget_type=\"spacer.default\">\n\t\t\t\t<div class=\"elementor-widget-container\">\n\t\t\t\t\t\t\t<div class=\"elementor-spacer\">\n\t\t\t<div class=\"elementor-spacer-inner\"><\/div>\n\t\t<\/div>\n\t\t\t\t\t\t<\/div>\n\t\t\t\t<\/div>\n\t\t\t\t<div class=\"elementor-element elementor-element-b743670 elementor-widget elementor-widget-heading\" data-id=\"b743670\" data-element_type=\"widget\" data-widget_type=\"heading.default\">\n\t\t\t\t<div class=\"elementor-widget-container\">\n\t\t\t\t\t<h2 class=\"elementor-heading-title elementor-size-default\">Polityka prywatno\u015bci<\/h2>\t\t\t\t<\/div>\n\t\t\t\t<\/div>\n\t\t\t\t<div class=\"elementor-element elementor-element-cabebd7 elementor-widget elementor-widget-spacer\" data-id=\"cabebd7\" data-element_type=\"widget\" data-widget_type=\"spacer.default\">\n\t\t\t\t<div class=\"elementor-widget-container\">\n\t\t\t\t\t\t\t<div class=\"elementor-spacer\">\n\t\t\t<div class=\"elementor-spacer-inner\"><\/div>\n\t\t<\/div>\n\t\t\t\t\t\t<\/div>\n\t\t\t\t<\/div>\n\t\t\t\t<div class=\"elementor-element elementor-element-51eb1645 elementor-widget elementor-widget-text-editor\" data-id=\"51eb1645\" data-element_type=\"widget\" data-widget_type=\"text-editor.default\">\n\t\t\t\t<div class=\"elementor-widget-container\">\n\t\t\t\t\t\t\t\t\t<p><\/p>\n<h3 class=\"wp-block-heading\"><span style=\"font-weight: 500;\">1. Informacje og\u00f3lne<\/span><\/h3>\n<ol>\n<li style=\"font-weight: 500;\" aria-level=\"1\"><span style=\"font-weight: 500;\">Niniejsza Polityka Prywatno\u015bci okre\u015bla zasady przetwarzania danych osobowych przez Biuro Rachunkowe Karina Miler, z siedzib\u0105 pod adresem Wodnika 4, 84-207 Bojano, oraz dodatkowym miejscem prowadzenia dzia\u0142alno\u015bci przy ul. Gorczycowa 4F, 81-591 Gdynia.<\/span><\/li>\n<li style=\"font-weight: 500;\" aria-level=\"1\"><span style=\"font-weight: 500;\"><span style=\"font-weight: 500;\">Administrator zapewnia poufno\u015b\u0107 i ochron\u0119 przetwarzanych danych osobowych zgodnie z obowi\u0105zuj\u0105cymi przepisami, w tym Rozporz\u0105dzeniem Parlamentu Europejskiego i Rady (UE) 2016\/679 (RODO). <br \/><br \/><\/span><\/span>\n<p>\u00a0<\/p>\n<\/li>\n<\/ol>\n<h3><span style=\"font-weight: 500;\">2. Administrator Danych Osobowych<\/span><\/h3>\n<p><span style=\"font-weight: 500;\">Administratorem danych osobowych jest Karina Miler, prowadz\u0105ca dzia\u0142alno\u015b\u0107 gospodarcz\u0105 pod nazw\u0105 Biuro Rachunkowe Karina Miler. Kontakt w sprawach ochrony danych: k.miler@kli.com.pl.<br \/><br \/><\/span><\/p>\n<p>\u00a0<\/p>\n<h3><span style=\"font-weight: 500;\">3. Zakres przetwarzanych danych<\/span><\/h3>\n<p><span style=\"font-weight: 500;\">Przetwarzamy dane osobowe w zakresie niezb\u0119dnym do \u015bwiadczenia us\u0142ug rachunkowych i ksi\u0119gowych, w tym:<\/span><\/p>\n<ul>\n<li style=\"font-weight: 500;\" aria-level=\"1\"><span style=\"font-weight: 500;\">imi\u0119 i nazwisko,<\/span><\/li>\n<li style=\"font-weight: 500;\" aria-level=\"1\"><span style=\"font-weight: 500;\">numer telefonu,<\/span><\/li>\n<li style=\"font-weight: 500;\" aria-level=\"1\"><span style=\"font-weight: 500;\">adres e-mail,<\/span><\/li>\n<li style=\"font-weight: 500;\" aria-level=\"1\"><span style=\"font-weight: 500;\">NIP, REGON, dane firmy,<\/span><\/li>\n<li style=\"font-weight: 500;\" aria-level=\"1\"><span style=\"font-weight: 500;\">adres prowadzenia dzia\u0142alno\u015bci,<\/span><\/li>\n<li style=\"font-weight: 500;\" aria-level=\"1\"><span style=\"font-weight: 500;\">dane wymagane do obs\u0142ugi ksi\u0119gowej i rozliczeniowej,<\/span><\/li>\n<li style=\"font-weight: 500;\" aria-level=\"1\"><span style=\"font-weight: 500;\">dane zwi\u0105zane z p\u0142atno\u015bciami i fakturami,<\/span><\/li>\n<li style=\"font-weight: 500;\" aria-level=\"1\"><span style=\"font-weight: 500;\"><span style=\"font-weight: 500;\">histori\u0119 wsp\u00f3\u0142pracy i korespondencji. <br \/><br \/><\/span><\/span>\n<p>\u00a0<\/p>\n<\/li>\n<\/ul>\n<h3><span style=\"font-weight: 500;\">4. Cele i podstawy prawne przetwarzania danych<\/span><\/h3>\n<p><span style=\"font-weight: 500;\">Twoje dane osobowe przetwarzamy w nast\u0119puj\u0105cych celach:<\/span><\/p>\n<ol>\n<li style=\"font-weight: 500;\" aria-level=\"1\"><span style=\"font-weight: 500;\">\u015awiadczenie us\u0142ug ksi\u0119gowych \u2013 na podstawie zawartej umowy (art. 6 ust. 1 lit. b RODO).<\/span><\/li>\n<li style=\"font-weight: 500;\" aria-level=\"1\"><span style=\"font-weight: 500;\">Obs\u0142uga zapyta\u0144 i kontaktu \u2013 na podstawie prawnie uzasadnionego interesu administratora (art. 6 ust. 1 lit. f RODO).<\/span><\/li>\n<li style=\"font-weight: 500;\" aria-level=\"1\"><span style=\"font-weight: 500;\">Obowi\u0105zki prawne \u2013 np. wynikaj\u0105ce z przepis\u00f3w podatkowych (art. 6 ust. 1 lit. c RODO).<\/span><\/li>\n<li style=\"font-weight: 500;\" aria-level=\"1\"><span style=\"font-weight: 500;\">Utrzymywanie kontaktu z klientami poprzez fanpage na Facebooku oraz wizyt\u00f3wk\u0119 Google \u2013 na podstawie prawnie uzasadnionego interesu administratora (art. 6 ust. 1 lit. f RODO).<\/span><\/li>\n<li style=\"font-weight: 500;\" aria-level=\"1\"><span style=\"font-weight: 500;\">Rozliczenia finansowe i dochodzenie roszcze\u0144 \u2013 na podstawie prawnie uzasadnionego interesu administratora (art. 6 ust. 1 lit. f RODO).<\/span><\/li>\n<li style=\"font-weight: 500;\" aria-level=\"1\"><span style=\"font-weight: 500;\"><span style=\"font-weight: 500;\">Prowadzenie analiz i statystyk \u2013 dotycz\u0105cych dzia\u0142alno\u015bci biura oraz optymalizacji proces\u00f3w biznesowych. <br \/><br \/><\/span><\/span>\n<p>\u00a0<\/p>\n<\/li>\n<\/ol>\n<h3><span style=\"font-weight: 500;\">5. Odbiorcy danych<\/span><\/h3>\n<p><span style=\"font-weight: 500;\">Dane osobowe mog\u0105 by\u0107 przekazywane:<\/span><\/p>\n<ul>\n<li style=\"font-weight: 500;\" aria-level=\"1\"><span style=\"font-weight: 500;\">podmiotom wsp\u00f3\u0142pracuj\u0105cym w zakresie obs\u0142ugi ksi\u0119gowej i IT,<\/span><\/li>\n<li style=\"font-weight: 500;\" aria-level=\"1\"><span style=\"font-weight: 500;\">urz\u0119dom i instytucjom publicznym w ramach obowi\u0105zuj\u0105cych przepis\u00f3w prawa,<\/span><\/li>\n<li style=\"font-weight: 500;\" aria-level=\"1\"><span style=\"font-weight: 500;\">firmom prawniczym i doradczym, gdy zachodzi taka konieczno\u015b\u0107,<\/span><\/li>\n<li style=\"font-weight: 500;\" aria-level=\"1\"><span style=\"font-weight: 500;\">dostawcom narz\u0119dzi ksi\u0119gowych, informatycznych oraz analitycznych,<\/span><\/li>\n<li style=\"font-weight: 500;\" aria-level=\"1\"><span style=\"font-weight: 500;\"><span style=\"font-weight: 500;\">operatorom p\u0142atno\u015bci w zakresie realizacji transakcji. <br \/><br \/><\/span><\/span>\n<p>\u00a0<\/p>\n<\/li>\n<\/ul>\n<h3><span style=\"font-weight: 500;\">6. Czas przechowywania danych<\/span><\/h3>\n<p><span style=\"font-weight: 500;\">Dane osobowe przechowujemy przez okres wynikaj\u0105cy z przepis\u00f3w prawa podatkowego i rachunkowego, a w przypadku przetwarzania na podstawie zgody \u2013 do momentu jej wycofania. Dane mog\u0105 by\u0107 przechowywane przez d\u0142u\u017cszy okres w przypadku konieczno\u015bci zabezpieczenia roszcze\u0144.<br \/><br \/><\/span><\/p>\n<p>\u00a0<\/p>\n<h3><span style=\"font-weight: 500;\">7. Prawa U\u017cytkownika<\/span><\/h3>\n<p><span style=\"font-weight: 500;\">Masz prawo do:<\/span><\/p>\n<ul>\n<li style=\"font-weight: 500;\" aria-level=\"1\"><span style=\"font-weight: 500;\">dost\u0119pu do swoich danych,<\/span><\/li>\n<li style=\"font-weight: 500;\" aria-level=\"1\"><span style=\"font-weight: 500;\">sprostowania danych,<\/span><\/li>\n<li style=\"font-weight: 500;\" aria-level=\"1\"><span style=\"font-weight: 500;\">usuni\u0119cia danych (je\u015bli nie koliduje to z obowi\u0105zkiem prawnym),<\/span><\/li>\n<li style=\"font-weight: 500;\" aria-level=\"1\"><span style=\"font-weight: 500;\">ograniczenia przetwarzania,<\/span><\/li>\n<li style=\"font-weight: 500;\" aria-level=\"1\"><span style=\"font-weight: 500;\">przeniesienia danych,<\/span><\/li>\n<li style=\"font-weight: 500;\" aria-level=\"1\"><span style=\"font-weight: 500;\">wniesienia sprzeciwu wobec przetwarzania,<\/span><\/li>\n<li style=\"font-weight: 500;\" aria-level=\"1\"><span style=\"font-weight: 500;\"><span style=\"font-weight: 500;\">wniesienia skargi do Prezesa Urz\u0119du Ochrony Danych Osobowych. Wnioski mo\u017cna sk\u0142ada\u0107 na adres e-mail: k.miler@kli.com.pl. <br \/><br \/><\/span><\/span>\n<p>\u00a0<\/p>\n<\/li>\n<\/ul>\n<h3><span style=\"font-weight: 500;\">8. Bezpiecze\u0144stwo danych i przekazywanie danych osobom trzecim<\/span><\/h3>\n<ol>\n<li style=\"font-weight: 500;\" aria-level=\"1\"><span style=\"font-weight: 500;\">Biuro Rachunkowe Karina Miler zobowi\u0105zuje si\u0119 do przetwarzania powierzonych danych osobowych zgodnie z obowi\u0105zuj\u0105cymi przepisami oraz z zastosowaniem odpowiednich \u015brodk\u00f3w technicznych i organizacyjnych zapewniaj\u0105cych bezpiecze\u0144stwo danych.<\/span><\/li>\n<li style=\"font-weight: 500;\" aria-level=\"1\"><span style=\"font-weight: 500;\">Dost\u0119p do danych maj\u0105 wy\u0142\u0105cznie upowa\u017cnione osoby zobowi\u0105zane do zachowania poufno\u015bci.<\/span><\/li>\n<li style=\"font-weight: 500;\" aria-level=\"1\"><span style=\"font-weight: 500;\">W okre\u015blonych przypadkach dane mog\u0105 zosta\u0107 udost\u0119pnione organom pa\u0144stwowym, takim jak s\u0105dy, prokuratura, administracja skarbowa czy inne instytucje na mocy obowi\u0105zuj\u0105cych przepis\u00f3w prawa.<\/span><\/li>\n<li style=\"font-weight: 500;\" aria-level=\"1\"><span style=\"font-weight: 500;\">Dane mog\u0105 by\u0107 przekazywane do pa\u0144stw spoza Europejskiego Obszaru Gospodarczego tylko w przypadku zastosowania odpowiednich zabezpiecze\u0144, takich jak standardowe klauzule umowne lub wi\u0105\u017c\u0105ce regu\u0142y korporacyjne.<\/span><\/li>\n<li style=\"font-weight: 500;\" aria-level=\"1\"><span style=\"font-weight: 500;\"><span style=\"font-weight: 500;\">Na stronie internetowej mog\u0105 znajdowa\u0107 si\u0119 odno\u015bniki do stron zewn\u0119trznych, kt\u00f3re dzia\u0142aj\u0105 niezale\u017cnie od Biura Rachunkowego Karina Miler. Administrator nie ponosi odpowiedzialno\u015bci za ich polityki prywatno\u015bci. <br \/><br \/><\/span><\/span>\n<p>\u00a0<\/p>\n<\/li>\n<\/ol>\n<h3><span style=\"font-weight: 500;\">9. Sprzeciw wobec przetwarzania danych<\/span><\/h3>\n<ol>\n<li style=\"font-weight: 500;\" aria-level=\"1\"><span style=\"font-weight: 500;\">Ka\u017cda osoba, kt\u00f3rej dane dotycz\u0105, ma prawo do wniesienia sprzeciwu wobec przetwarzania danych, je\u017celi dane s\u0105 przetwarzane na podstawie prawnie uzasadnionego interesu administratora.<\/span><\/li>\n<li style=\"font-weight: 500;\" aria-level=\"1\"><span style=\"font-weight: 500;\">Sprzeciw mo\u017cna zg\u0142osi\u0107 poprzez wys\u0142anie wiadomo\u015bci e-mail na adres k.miler@kli.com.pl.<\/span><\/li>\n<li style=\"font-weight: 500;\" aria-level=\"1\"><span style=\"font-weight: 500;\"><span style=\"font-weight: 500;\">W przypadku sprzeciwu wobec przetwarzania danych na potrzeby marketingu bezpo\u015bredniego, dane te nie b\u0119d\u0105 dalej przetwarzane w tym celu. <br \/><br \/><\/span><\/span>\n<p>\u00a0<\/p>\n<\/li>\n<\/ol>\n<h3><span style=\"font-weight: 500;\">10. Zmiany w Polityce Prywatno\u015bci<\/span><\/h3>\n<p><span style=\"font-weight: 500;\">Polityka Prywatno\u015bci mo\u017ce by\u0107 okresowo aktualizowana. Wszelkie zmiany b\u0119d\u0105 publikowane na stronie internetowej biura rachunkowego.<\/span><\/p>\n<p><span style=\"font-weight: 500;\">Data ostatniej aktualizacji: 08.03.2025r.<\/span><\/p>\t\t\t\t\t\t\t\t<\/div>\n\t\t\t\t<\/div>\n\t\t\t\t<div class=\"elementor-element elementor-element-bad1202 elementor-widget elementor-widget-spacer\" data-id=\"bad1202\" data-element_type=\"widget\" data-widget_type=\"spacer.default\">\n\t\t\t\t<div class=\"elementor-widget-container\">\n\t\t\t\t\t\t\t<div class=\"elementor-spacer\">\n\t\t\t<div class=\"elementor-spacer-inner\"><\/div>\n\t\t<\/div>\n\t\t\t\t\t\t<\/div>\n\t\t\t\t<\/div>\n\t\t\t\t\t<\/div>\n\t\t\t\t<\/div>\n\t\t\t\t<\/div>\n\t\t","protected":false},"excerpt":{"rendered":"<p>Polityka prywatno\u015bci 1. Informacje og\u00f3lne Niniejsza Polityka Prywatno\u015bci okre\u015bla zasady przetwarzania danych osobowych przez Biuro Rachunkowe Karina Miler, z siedzib\u0105 pod adresem Wodnika 4, 84-207 Bojano, oraz dodatkowym miejscem prowadzenia dzia\u0142alno\u015bci przy ul. Gorczycowa 4F, 81-591 Gdynia. Administrator zapewnia poufno\u015b\u0107 i ochron\u0119 przetwarzanych danych osobowych zgodnie z obowi\u0105zuj\u0105cymi przepisami, w tym Rozporz\u0105dzeniem Parlamentu Europejskiego i [&hellip;]<\/p>\n","protected":false},"author":1,"featured_media":0,"parent":0,"menu_order":0,"comment_status":"closed","ping_status":"open","template":"","meta":{"footnotes":""},"class_list":["post-3","page","type-page","status-publish","hentry"],"yoast_head":"<!-- This site is optimized with the Yoast SEO plugin v24.4 - https:\/\/yoast.com\/wordpress\/plugins\/seo\/ -->\n<title>Polityka prywatno\u015bci - Biuro Karina Miler<\/title>\n<meta name=\"robots\" content=\"index, follow, max-snippet:-1, max-image-preview:large, max-video-preview:-1\" \/>\n<link rel=\"canonical\" href=\"https:\/\/biurokarinamiler.pl\/?page_id=3\" \/>\n<meta property=\"og:locale\" content=\"pl_PL\" \/>\n<meta property=\"og:type\" content=\"article\" \/>\n<meta property=\"og:title\" content=\"Polityka prywatno\u015bci - Biuro Karina Miler\" \/>\n<meta property=\"og:description\" content=\"Polityka prywatno\u015bci 1. Informacje og\u00f3lne Niniejsza Polityka Prywatno\u015bci okre\u015bla zasady przetwarzania danych osobowych przez Biuro Rachunkowe Karina Miler, z siedzib\u0105 pod adresem Wodnika 4, 84-207 Bojano, oraz dodatkowym miejscem prowadzenia dzia\u0142alno\u015bci przy ul. Gorczycowa 4F, 81-591 Gdynia. Administrator zapewnia poufno\u015b\u0107 i ochron\u0119 przetwarzanych danych osobowych zgodnie z obowi\u0105zuj\u0105cymi przepisami, w tym Rozporz\u0105dzeniem Parlamentu Europejskiego i [&hellip;]\" \/>\n<meta property=\"og:url\" content=\"https:\/\/biurokarinamiler.pl\/?page_id=3\" \/>\n<meta property=\"og:site_name\" content=\"Biuro Karina Miler\" \/>\n<meta property=\"article:modified_time\" content=\"2025-03-09T22:59:59+00:00\" \/>\n<meta name=\"twitter:card\" content=\"summary_large_image\" \/>\n<meta name=\"twitter:label1\" content=\"Szacowany czas czytania\" \/>\n\t<meta name=\"twitter:data1\" content=\"3 minuty\" \/>\n<script type=\"application\/ld+json\" class=\"yoast-schema-graph\">{\"@context\":\"https:\/\/schema.org\",\"@graph\":[{\"@type\":\"WebPage\",\"@id\":\"https:\/\/biurokarinamiler.pl\/?page_id=3\",\"url\":\"https:\/\/biurokarinamiler.pl\/?page_id=3\",\"name\":\"Polityka prywatno\u015bci - Biuro Karina Miler\",\"isPartOf\":{\"@id\":\"https:\/\/biurokarinamiler.pl\/#website\"},\"datePublished\":\"2025-02-05T18:41:18+00:00\",\"dateModified\":\"2025-03-09T22:59:59+00:00\",\"breadcrumb\":{\"@id\":\"https:\/\/biurokarinamiler.pl\/?page_id=3#breadcrumb\"},\"inLanguage\":\"pl-PL\",\"potentialAction\":[{\"@type\":\"ReadAction\",\"target\":[\"https:\/\/biurokarinamiler.pl\/?page_id=3\"]}]},{\"@type\":\"BreadcrumbList\",\"@id\":\"https:\/\/biurokarinamiler.pl\/?page_id=3#breadcrumb\",\"itemListElement\":[{\"@type\":\"ListItem\",\"position\":1,\"name\":\"Strona g\u0142\u00f3wna\",\"item\":\"https:\/\/biurokarinamiler.pl\/\"},{\"@type\":\"ListItem\",\"position\":2,\"name\":\"Polityka prywatno\u015bci\"}]},{\"@type\":\"WebSite\",\"@id\":\"https:\/\/biurokarinamiler.pl\/#website\",\"url\":\"https:\/\/biurokarinamiler.pl\/\",\"name\":\"Biuro Karina Miler\",\"description\":\"Biuro rachunkowe Gdynia, Bojano | KPiR, rycza\u0142t oraz pe\u0142na ksi\u0119gowo\u015bci dla sp\u00f3\u0142ek, rozliczenia VAT, PIT, ZUS, kadry i p\u0142ace, kontakt z urz\u0119dami i zak\u0142adanie dzia\u0142alno\u015bci.\",\"publisher\":{\"@id\":\"https:\/\/biurokarinamiler.pl\/#organization\"},\"potentialAction\":[{\"@type\":\"SearchAction\",\"target\":{\"@type\":\"EntryPoint\",\"urlTemplate\":\"https:\/\/biurokarinamiler.pl\/?s={search_term_string}\"},\"query-input\":{\"@type\":\"PropertyValueSpecification\",\"valueRequired\":true,\"valueName\":\"search_term_string\"}}],\"inLanguage\":\"pl-PL\"},{\"@type\":\"Organization\",\"@id\":\"https:\/\/biurokarinamiler.pl\/#organization\",\"name\":\"Biuro Karina Miler\",\"url\":\"https:\/\/biurokarinamiler.pl\/\",\"logo\":{\"@type\":\"ImageObject\",\"inLanguage\":\"pl-PL\",\"@id\":\"https:\/\/biurokarinamiler.pl\/#\/schema\/logo\/image\/\",\"url\":\"https:\/\/biurokarinamiler.pl\/wp-content\/uploads\/2025\/02\/Karina-Miler_500.jpg\",\"contentUrl\":\"https:\/\/biurokarinamiler.pl\/wp-content\/uploads\/2025\/02\/Karina-Miler_500.jpg\",\"width\":500,\"height\":220,\"caption\":\"Biuro Karina Miler\"},\"image\":{\"@id\":\"https:\/\/biurokarinamiler.pl\/#\/schema\/logo\/image\/\"}}]}<\/script>\n<!-- \/ Yoast SEO plugin. -->","yoast_head_json":{"title":"Polityka prywatno\u015bci - Biuro Karina Miler","robots":{"index":"index","follow":"follow","max-snippet":"max-snippet:-1","max-image-preview":"max-image-preview:large","max-video-preview":"max-video-preview:-1"},"canonical":"https:\/\/biurokarinamiler.pl\/?page_id=3","og_locale":"pl_PL","og_type":"article","og_title":"Polityka prywatno\u015bci - Biuro Karina Miler","og_description":"Polityka prywatno\u015bci 1. Informacje og\u00f3lne Niniejsza Polityka Prywatno\u015bci okre\u015bla zasady przetwarzania danych osobowych przez Biuro Rachunkowe Karina Miler, z siedzib\u0105 pod adresem Wodnika 4, 84-207 Bojano, oraz dodatkowym miejscem prowadzenia dzia\u0142alno\u015bci przy ul. Gorczycowa 4F, 81-591 Gdynia. Administrator zapewnia poufno\u015b\u0107 i ochron\u0119 przetwarzanych danych osobowych zgodnie z obowi\u0105zuj\u0105cymi przepisami, w tym Rozporz\u0105dzeniem Parlamentu Europejskiego i [&hellip;]","og_url":"https:\/\/biurokarinamiler.pl\/?page_id=3","og_site_name":"Biuro Karina Miler","article_modified_time":"2025-03-09T22:59:59+00:00","twitter_card":"summary_large_image","twitter_misc":{"Szacowany czas czytania":"3 minuty"},"schema":{"@context":"https:\/\/schema.org","@graph":[{"@type":"WebPage","@id":"https:\/\/biurokarinamiler.pl\/?page_id=3","url":"https:\/\/biurokarinamiler.pl\/?page_id=3","name":"Polityka prywatno\u015bci - Biuro Karina Miler","isPartOf":{"@id":"https:\/\/biurokarinamiler.pl\/#website"},"datePublished":"2025-02-05T18:41:18+00:00","dateModified":"2025-03-09T22:59:59+00:00","breadcrumb":{"@id":"https:\/\/biurokarinamiler.pl\/?page_id=3#breadcrumb"},"inLanguage":"pl-PL","potentialAction":[{"@type":"ReadAction","target":["https:\/\/biurokarinamiler.pl\/?page_id=3"]}]},{"@type":"BreadcrumbList","@id":"https:\/\/biurokarinamiler.pl\/?page_id=3#breadcrumb","itemListElement":[{"@type":"ListItem","position":1,"name":"Strona g\u0142\u00f3wna","item":"https:\/\/biurokarinamiler.pl\/"},{"@type":"ListItem","position":2,"name":"Polityka prywatno\u015bci"}]},{"@type":"WebSite","@id":"https:\/\/biurokarinamiler.pl\/#website","url":"https:\/\/biurokarinamiler.pl\/","name":"Biuro Karina Miler","description":"Biuro rachunkowe Gdynia, Bojano | KPiR, rycza\u0142t oraz pe\u0142na ksi\u0119gowo\u015bci dla sp\u00f3\u0142ek, rozliczenia VAT, PIT, ZUS, kadry i p\u0142ace, kontakt z urz\u0119dami i zak\u0142adanie dzia\u0142alno\u015bci.","publisher":{"@id":"https:\/\/biurokarinamiler.pl\/#organization"},"potentialAction":[{"@type":"SearchAction","target":{"@type":"EntryPoint","urlTemplate":"https:\/\/biurokarinamiler.pl\/?s={search_term_string}"},"query-input":{"@type":"PropertyValueSpecification","valueRequired":true,"valueName":"search_term_string"}}],"inLanguage":"pl-PL"},{"@type":"Organization","@id":"https:\/\/biurokarinamiler.pl\/#organization","name":"Biuro Karina Miler","url":"https:\/\/biurokarinamiler.pl\/","logo":{"@type":"ImageObject","inLanguage":"pl-PL","@id":"https:\/\/biurokarinamiler.pl\/#\/schema\/logo\/image\/","url":"https:\/\/biurokarinamiler.pl\/wp-content\/uploads\/2025\/02\/Karina-Miler_500.jpg","contentUrl":"https:\/\/biurokarinamiler.pl\/wp-content\/uploads\/2025\/02\/Karina-Miler_500.jpg","width":500,"height":220,"caption":"Biuro Karina Miler"},"image":{"@id":"https:\/\/biurokarinamiler.pl\/#\/schema\/logo\/image\/"}}]}},"_links":{"self":[{"href":"https:\/\/biurokarinamiler.pl\/index.php?rest_route=\/wp\/v2\/pages\/3","targetHints":{"allow":["GET"]}}],"collection":[{"href":"https:\/\/biurokarinamiler.pl\/index.php?rest_route=\/wp\/v2\/pages"}],"about":[{"href":"https:\/\/biurokarinamiler.pl\/index.php?rest_route=\/wp\/v2\/types\/page"}],"author":[{"embeddable":true,"href":"https:\/\/biurokarinamiler.pl\/index.php?rest_route=\/wp\/v2\/users\/1"}],"replies":[{"embeddable":true,"href":"https:\/\/biurokarinamiler.pl\/index.php?rest_route=%2Fwp%2Fv2%2Fcomments&post=3"}],"version-history":[{"count":3,"href":"https:\/\/biurokarinamiler.pl\/index.php?rest_route=\/wp\/v2\/pages\/3\/revisions"}],"predecessor-version":[{"id":133,"href":"https:\/\/biurokarinamiler.pl\/index.php?rest_route=\/wp\/v2\/pages\/3\/revisions\/133"}],"wp:attachment":[{"href":"https:\/\/biurokarinamiler.pl\/index.php?rest_route=%2Fwp%2Fv2%2Fmedia&parent=3"}],"curies":[{"name":"wp","href":"https:\/\/api.w.org\/{rel}","templated":true}]}}